{"id":21,"date":"2021-05-12T16:06:30","date_gmt":"2021-05-12T16:06:30","guid":{"rendered":"http:\/\/schaelmuehle-paetschow.de\/?page_id=21"},"modified":"2025-11-12T19:01:01","modified_gmt":"2025-11-12T19:01:01","slug":"ueber-uns","status":"publish","type":"page","link":"https:\/\/schaelmuehle-paetschow.de\/en\/ueber-uns","title":{"rendered":"Our history"},"content":{"rendered":"<div class=\"wp-block-columns wp-block-columns__custom_image-right section-bordered is-layout-flex wp-container-3\">\n<div class=\"wp-block-column is-layout-flow\" style=\"flex-grow:unset;\">\n\n<h2 class=\"h3 wp-block-heading\">Welcome to us<\/h2>\n\n\n<p class=\"lead mb\">The history of the P\u00e4tschow estate has been linked to the Hecker family for over 100 years<\/p>\n\n<\/div>\n\n\n\n<div class=\"wp-block-column is-layout-flow\" style=\"flex-grow:unset;\">\n\n<figure class=\"wp-block-image size-large wp-block-image__round\"><img decoding=\"async\" loading=\"lazy\" width=\"960\" height=\"960\" src=\"http:\/\/schaelmuehle-paetschow.de\/wp-content\/uploads\/2021\/06\/mill.jpg\" alt=\"Sch\u00e4lm\u00fchle\" class=\"wp-image-179\" srcset=\"https:\/\/schaelmuehle-paetschow.de\/wp-content\/uploads\/2021\/06\/mill.jpg 960w, https:\/\/schaelmuehle-paetschow.de\/wp-content\/uploads\/2021\/06\/mill-300x300.jpg 300w, https:\/\/schaelmuehle-paetschow.de\/wp-content\/uploads\/2021\/06\/mill-150x150.jpg 150w, https:\/\/schaelmuehle-paetschow.de\/wp-content\/uploads\/2021\/06\/mill-768x768.jpg 768w, https:\/\/schaelmuehle-paetschow.de\/wp-content\/uploads\/2021\/06\/mill-12x12.jpg 12w\" sizes=\"(max-width: 960px) 100vw, 960px\" \/><\/figure>\n\n<\/div>\n<\/div>\n\n\n\n<div class=\"wp-block-group wp-block-group__text section-bordered is-layout-flow\"><div class=\"wp-block-group__inner-container\">\n<h3 class=\"wp-block-heading h3\">The Hecker family<\/h3>\n\n\n\n<p class=\"lead mb\">Wilhelm Hecker bought Gut P\u00e4tschow in 1907 and a few years later the neighboring Gro\u00df Polzin. Wilhelm Hecker's family had built a very successful sugar factory in Gr\u00f6ningen (Saxony-Anhalt).<\/p>\n\n\n\n<p class=\"mb\">Die Synergien aus landwirtschaftlicher Urproduktion und Verarbeitung konnten \u00fcber Jahrzente genutzt werden. In Vorpommern entwickelte man diese Betriebe auf hohem Niveau. Die Leistungen in der Tierhaltung waren \u00fcberdurchschnittlich. Dabei behielt man den sozialen Aspekt stets im Focus, daher wurde die Familie nach der Wende wieder herzlich in P\u00e4tschow willkommen gehei\u00dfen. In der Zeit zwischen 1947 und 1989 durfte Mitglied der Familie aus politischen Gr\u00fcnden in P\u00e4tschow leben. Heute w\u00e4chst die 5. Generation auf P\u00e4tschow heran. Die Passion zum Boden, den Menschen und den \u00a0angebauten Feldfr\u00fcchten der jetzigen Generation \u00a0ist die gleiche \u00a0wie Wilhelm Hecker vor \u00fcber 100 Jahren sie lebte.<\/p>\n\n\n\n<p class=\"mb\">Due to the changes in the consumption of food and the increased environmental demands of the consumer, we decided to build a peeling mill a few years ago. In the beginning we only wanted to use the mill for dinkel-related services for other farmers and our own use. Today we not only peel dinkel, but also legumes.<\/p>\n\n\n\n<p>Every day we work persistently and with great passion with a great team to produce better products than yesterday.<\/p>\n<\/div><\/div>\n\n\n\n<div class=\"wp-block-nk-awb nk-awb\"><div class=\"nk-awb-wrap\" data-awb-type=\"image\" data-awb-image-background-size=\"cover\" data-awb-image-background-position=\"50% 50%\"><div class=\"nk-awb-overlay\" style=\"background-color: rgba(1, 81, 51, 0.6);\"><\/div><div class=\"nk-awb-inner\"><img decoding=\"async\" loading=\"lazy\" src=\"http:\/\/schaelmuehle-paetschow.de\/wp-content\/uploads\/2021\/06\/Child.jpg\" class=\"wp-image-184 jarallax-img\" alt=\"Child\" width=\"1440\" height=\"1439\" srcset=\"https:\/\/schaelmuehle-paetschow.de\/wp-content\/uploads\/2021\/06\/Child.jpg 1440w, https:\/\/schaelmuehle-paetschow.de\/wp-content\/uploads\/2021\/06\/Child-300x300.jpg 300w, https:\/\/schaelmuehle-paetschow.de\/wp-content\/uploads\/2021\/06\/Child-1024x1024.jpg 1024w, https:\/\/schaelmuehle-paetschow.de\/wp-content\/uploads\/2021\/06\/Child-150x150.jpg 150w, https:\/\/schaelmuehle-paetschow.de\/wp-content\/uploads\/2021\/06\/Child-768x767.jpg 768w, https:\/\/schaelmuehle-paetschow.de\/wp-content\/uploads\/2021\/06\/Child-12x12.jpg 12w\" sizes=\"(max-width: 1440px) 100vw, 1440px\" \/><\/div><\/div>\n<div class=\"parallax__content\">\n<h2 class=\"parallax__title text--white\">Our legacy to our children<\/h2>\n<p class=\"parallax__lead text--white\">Seit \u00fcber 100 Jahren hat sich unsere Familie unser Land mit Liebe und Sorgfalt bewirtschaftet. Es ist Teil unserer Seele.<\/p>\n<\/div>\n<div class=\"parallax__background\"><\/div>\n<\/div>","protected":false},"excerpt":{"rendered":"<p>Willkommen bei uns Seit \u00fcber 100 Jahren ist die Geschichte des Gutes P\u00e4tschow mit der Familie Hecker verbunden. Familie Hecker Wilhelm Hecker kaufte 1907 das Gut P\u00e4tschow und einige Jahre sp\u00e4ter den Nachbarbetrieb Gro\u00df Polzin. &nbsp;Die Familie von Wilhelm Hecker hatten eine sehr erfolgreiche Zuckerfabrik in Gr\u00f6ningen (Sachsen Anhalt) aufgebaut. Dabei wurde immer Landwirtschaft betrieben. [&hellip;]<\/p>\n","protected":false},"author":2,"featured_media":171,"parent":0,"menu_order":0,"comment_status":"closed","ping_status":"closed","template":"page-full-width.php","meta":{"om_disable_all_campaigns":false,"rop_custom_images_group":[],"rop_custom_messages_group":[],"rop_publish_now":"initial","rop_publish_now_accounts":[],"rop_publish_now_history":[],"rop_publish_now_status":"pending","_monsterinsights_skip_tracking":false,"_monsterinsights_sitenote_active":false,"_monsterinsights_sitenote_note":"","_monsterinsights_sitenote_category":0},"aioseo_notices":[],"_links":{"self":[{"href":"https:\/\/schaelmuehle-paetschow.de\/en\/wp-json\/wp\/v2\/pages\/21"}],"collection":[{"href":"https:\/\/schaelmuehle-paetschow.de\/en\/wp-json\/wp\/v2\/pages"}],"about":[{"href":"https:\/\/schaelmuehle-paetschow.de\/en\/wp-json\/wp\/v2\/types\/page"}],"author":[{"embeddable":true,"href":"https:\/\/schaelmuehle-paetschow.de\/en\/wp-json\/wp\/v2\/users\/2"}],"replies":[{"embeddable":true,"href":"https:\/\/schaelmuehle-paetschow.de\/en\/wp-json\/wp\/v2\/comments?post=21"}],"version-history":[{"count":22,"href":"https:\/\/schaelmuehle-paetschow.de\/en\/wp-json\/wp\/v2\/pages\/21\/revisions"}],"predecessor-version":[{"id":461,"href":"https:\/\/schaelmuehle-paetschow.de\/en\/wp-json\/wp\/v2\/pages\/21\/revisions\/461"}],"wp:featuredmedia":[{"embeddable":true,"href":"https:\/\/schaelmuehle-paetschow.de\/en\/wp-json\/wp\/v2\/media\/171"}],"wp:attachment":[{"href":"https:\/\/schaelmuehle-paetschow.de\/en\/wp-json\/wp\/v2\/media?parent=21"}],"curies":[{"name":"wp","href":"https:\/\/api.w.org\/{rel}","templated":true}]}}