{"id":19,"date":"2021-05-12T16:06:16","date_gmt":"2021-05-12T16:06:16","guid":{"rendered":"http:\/\/schaelmuehle-paetschow.de\/?page_id=19"},"modified":"2025-11-12T19:02:56","modified_gmt":"2025-11-12T19:02:56","slug":"muehle","status":"publish","type":"page","link":"https:\/\/schaelmuehle-paetschow.de\/en\/muehle","title":{"rendered":"Our mill"},"content":{"rendered":"<div class=\"wp-block-columns wp-block-columns__custom_image-right section-bordered is-layout-flex wp-container-3\">\n<div class=\"wp-block-column is-layout-flow\">\n<h2 class=\"wp-block-heading h3\">Regionale Produktion <\/h2>\n\n\n\n<p class=\"lead mb\">In 2019 we decided to build a peeling mill. In addition to our agricultural activities, we wanted to be able to refine our products. <\/p>\n\n\n\n<p>Zus\u00e4tzlich sollte diese innovative M\u00fchle auch anderen Betrieben zu Gute kommen. Wir bauen sie st\u00e4ndig aus und haben unsere Linie auf die Verarbeitung von H\u00fclsenfr\u00fcchte erweitertert. Damit k\u00f6nnen wir neben Urgetreide auch Erbsen und Bohnen aufbereiten, sch\u00e4len und sortieren. Interessieren Sie sich f\u00fcr unsere Dienstleistungen? Dann treten Sie mit uns in Kontakt!<\/p>\n<\/div>\n\n\n\n<div class=\"wp-block-column is-layout-flow\" style=\"flex-grow:unset;\">\n\n<figure class=\"wp-block-image size-large wp-block-image__round\"><img decoding=\"async\" loading=\"lazy\" width=\"768\" height=\"1024\" src=\"http:\/\/schaelmuehle-paetschow.de\/wp-content\/uploads\/2021\/06\/IMG_2284-768x1024.jpg\" alt=\"M\u00fchle\" class=\"wp-image-314\" srcset=\"https:\/\/schaelmuehle-paetschow.de\/wp-content\/uploads\/2021\/06\/IMG_2284-768x1024.jpg 768w, https:\/\/schaelmuehle-paetschow.de\/wp-content\/uploads\/2021\/06\/IMG_2284-225x300.jpg 225w, https:\/\/schaelmuehle-paetschow.de\/wp-content\/uploads\/2021\/06\/IMG_2284-1152x1536.jpg 1152w, https:\/\/schaelmuehle-paetschow.de\/wp-content\/uploads\/2021\/06\/IMG_2284-9x12.jpg 9w, https:\/\/schaelmuehle-paetschow.de\/wp-content\/uploads\/2021\/06\/IMG_2284-500x667.jpg 500w, https:\/\/schaelmuehle-paetschow.de\/wp-content\/uploads\/2021\/06\/IMG_2284-800x1067.jpg 800w, https:\/\/schaelmuehle-paetschow.de\/wp-content\/uploads\/2021\/06\/IMG_2284-1280x1707.jpg 1280w, https:\/\/schaelmuehle-paetschow.de\/wp-content\/uploads\/2021\/06\/IMG_2284.jpg 1512w\" sizes=\"(max-width: 768px) 100vw, 768px\" \/><\/figure>\n\n<\/div>\n<\/div>","protected":false},"excerpt":{"rendered":"<p>Regionale Produktion Wir haben uns 2019 entschieden eine Sch\u00e4lm\u00fchle zu bauen. Wir wollten neben unserer landwirtschaftlichen T\u00e4tigkeit unserer Produkte veredeln k\u00f6nnen. Zus\u00e4tzlich sollte diese innovative M\u00fchle auch anderen Betrieben zu Gute kommen. Wir bauen sie st\u00e4ndig aus und haben unsere Linie auf die Verarbeitung von H\u00fclsenfr\u00fcchte erweitertert. Damit k\u00f6nnen wir neben Urgetreide auch Erbsen und [&hellip;]<\/p>\n","protected":false},"author":2,"featured_media":178,"parent":0,"menu_order":0,"comment_status":"closed","ping_status":"closed","template":"page-full-width.php","meta":{"om_disable_all_campaigns":false,"rop_custom_images_group":[],"rop_custom_messages_group":[],"rop_publish_now":"initial","rop_publish_now_accounts":[],"rop_publish_now_history":[],"rop_publish_now_status":"pending","_monsterinsights_skip_tracking":false,"_monsterinsights_sitenote_active":false,"_monsterinsights_sitenote_note":"","_monsterinsights_sitenote_category":0},"aioseo_notices":[],"_links":{"self":[{"href":"https:\/\/schaelmuehle-paetschow.de\/en\/wp-json\/wp\/v2\/pages\/19"}],"collection":[{"href":"https:\/\/schaelmuehle-paetschow.de\/en\/wp-json\/wp\/v2\/pages"}],"about":[{"href":"https:\/\/schaelmuehle-paetschow.de\/en\/wp-json\/wp\/v2\/types\/page"}],"author":[{"embeddable":true,"href":"https:\/\/schaelmuehle-paetschow.de\/en\/wp-json\/wp\/v2\/users\/2"}],"replies":[{"embeddable":true,"href":"https:\/\/schaelmuehle-paetschow.de\/en\/wp-json\/wp\/v2\/comments?post=19"}],"version-history":[{"count":22,"href":"https:\/\/schaelmuehle-paetschow.de\/en\/wp-json\/wp\/v2\/pages\/19\/revisions"}],"predecessor-version":[{"id":463,"href":"https:\/\/schaelmuehle-paetschow.de\/en\/wp-json\/wp\/v2\/pages\/19\/revisions\/463"}],"wp:featuredmedia":[{"embeddable":true,"href":"https:\/\/schaelmuehle-paetschow.de\/en\/wp-json\/wp\/v2\/media\/178"}],"wp:attachment":[{"href":"https:\/\/schaelmuehle-paetschow.de\/en\/wp-json\/wp\/v2\/media?parent=19"}],"curies":[{"name":"wp","href":"https:\/\/api.w.org\/{rel}","templated":true}]}}