{"id":142,"date":"2021-06-02T13:16:35","date_gmt":"2021-06-02T13:16:35","guid":{"rendered":"https:\/\/schaelmuehle-paetschow.de\/?page_id=142"},"modified":"2025-11-12T18:47:44","modified_gmt":"2025-11-12T18:47:44","slug":"impressum","status":"publish","type":"page","link":"https:\/\/schaelmuehle-paetschow.de\/en\/impressum","title":{"rendered":"Impressum"},"content":{"rendered":"<p><strong>Impressum<\/strong><\/p>\n\n\n\n<p><strong>Angaben nach \u00a7 5 Telemediengesetz<\/strong><\/p>\n\n\n\n<p>Anbieter<\/p>\n\n\n\n<p>Sch\u00e4lm\u00fchle P\u00e4tschow GmbH<\/p>\n\n\n\n<p>Matthias Hecker (Gesch\u00e4ftsf\u00fchrer)<\/p>\n\n\n\n<p>P\u00e4tschow 44<\/p>\n\n\n\n<p>17390 Gross Polzin<\/p>\n\n\n\n<p>Phone: +49 3972422809<br>Fax: +49 03972422808<br>E-Mail:\u00a0info.schaelmuehle@paetschow.de<a href=\"mailto:fd@wagner-arbitration.com\"><\/a><\/p>\n\n\n\n<p>Sitz: P\u00e4tschow<\/p>\n\n\n\n<p><strong>Haftung f\u00fcr Inhalte und Links<\/strong><\/p>\n\n\n\n<p>Sch\u00e4lm\u00fchle P\u00e4tschow GmbH <strong>ist gem\u00e4\u00df<\/strong> &nbsp;\u00a7 7 Abs.1 TMG f\u00fcr eigene Inhalte auf diesen Seiten verantwortlich. Nach \u00a7\u00a7 8 bis 10 TMG besteht jedoch keine Verpflichtung, \u00fcbermittelte oder gespeicherte fremde Informationen zu \u00fcberwachen oder nach Umst\u00e4nden zu forschen, die auf eine rechtswidrige T\u00e4tigkeit hinweisen. Bei Bekanntwerden von entsprechenden Rechtsverletzungen werden diese Inhalte umgehend entfernt.<\/p>\n\n\n\n<p>Sofern diese Seiten Links zu externen Webseiten Dritter enthalten oder auf diese Bezug nehmen, \u00fcbernimmt Sch\u00e4lm\u00fchle P\u00e4tschow GmbH f\u00fcr deren Inhalte, auf die &nbsp;sie keinen Einfluss hat, keine Gew\u00e4hr. Bei Bekanntwerden von entsprechenden Rechtsverletzungen werden diese Inhalte umgehend entfernt.<\/p>","protected":false},"excerpt":{"rendered":"<p>Impressum Angaben nach \u00a7 5 Telemediengesetz Anbieter Sch\u00e4lm\u00fchle P\u00e4tschow GmbH Matthias Hecker (Gesch\u00e4ftsf\u00fchrer) P\u00e4tschow 44 17390 Gross Polzin Phone: +49 3972422809Fax: +49 03972422808E-Mail:\u00a0info.schaelmuehle@paetschow.de Sitz: P\u00e4tschow Haftung f\u00fcr Inhalte und Links Sch\u00e4lm\u00fchle P\u00e4tschow GmbH ist gem\u00e4\u00df &nbsp;\u00a7 7 Abs.1 TMG f\u00fcr eigene Inhalte auf diesen Seiten verantwortlich. Nach \u00a7\u00a7 8 bis 10 TMG besteht jedoch keine [&hellip;]<\/p>\n","protected":false},"author":2,"featured_media":167,"parent":0,"menu_order":0,"comment_status":"closed","ping_status":"closed","template":"","meta":{"om_disable_all_campaigns":false,"rop_custom_images_group":[],"rop_custom_messages_group":[],"rop_publish_now":"initial","rop_publish_now_accounts":[],"rop_publish_now_history":[],"rop_publish_now_status":"pending","_monsterinsights_skip_tracking":false,"_monsterinsights_sitenote_active":false,"_monsterinsights_sitenote_note":"","_monsterinsights_sitenote_category":0},"aioseo_notices":[],"_links":{"self":[{"href":"https:\/\/schaelmuehle-paetschow.de\/en\/wp-json\/wp\/v2\/pages\/142"}],"collection":[{"href":"https:\/\/schaelmuehle-paetschow.de\/en\/wp-json\/wp\/v2\/pages"}],"about":[{"href":"https:\/\/schaelmuehle-paetschow.de\/en\/wp-json\/wp\/v2\/types\/page"}],"author":[{"embeddable":true,"href":"https:\/\/schaelmuehle-paetschow.de\/en\/wp-json\/wp\/v2\/users\/2"}],"replies":[{"embeddable":true,"href":"https:\/\/schaelmuehle-paetschow.de\/en\/wp-json\/wp\/v2\/comments?post=142"}],"version-history":[{"count":17,"href":"https:\/\/schaelmuehle-paetschow.de\/en\/wp-json\/wp\/v2\/pages\/142\/revisions"}],"predecessor-version":[{"id":459,"href":"https:\/\/schaelmuehle-paetschow.de\/en\/wp-json\/wp\/v2\/pages\/142\/revisions\/459"}],"wp:featuredmedia":[{"embeddable":true,"href":"https:\/\/schaelmuehle-paetschow.de\/en\/wp-json\/wp\/v2\/media\/167"}],"wp:attachment":[{"href":"https:\/\/schaelmuehle-paetschow.de\/en\/wp-json\/wp\/v2\/media?parent=142"}],"curies":[{"name":"wp","href":"https:\/\/api.w.org\/{rel}","templated":true}]}}